{"id":2791,"date":"2026-04-06T06:47:19","date_gmt":"2026-04-06T06:47:19","guid":{"rendered":"http:\/\/tsocialib2.adasistemas.com\/?page_id=2791"},"modified":"2026-04-06T06:50:02","modified_gmt":"2026-04-06T06:50:02","slug":"informe-social-llei-8-2021","status":"publish","type":"page","link":"https:\/\/tsocialib2.adasistemas.com\/es\/area-professional\/informe-social-llei-8-2021\/","title":{"rendered":"Informe Social Ley 8\/2021"},"content":{"rendered":"<div class=\"fusion-fullwidth fullwidth-box fusion-builder-row-1 fusion-flex-container has-pattern-background has-mask-background nonhundred-percent-fullwidth non-hundred-percent-height-scrolling\" style=\"--awb-border-radius-top-left:0px;--awb-border-radius-top-right:0px;--awb-border-radius-bottom-right:0px;--awb-border-radius-bottom-left:0px;--awb-flex-wrap:wrap;\" ><div class=\"fusion-builder-row fusion-row fusion-flex-align-items-flex-start fusion-flex-content-wrap\" style=\"max-width:1331.2px;margin-left: calc(-4% \/ 2 );margin-right: calc(-4% \/ 2 );\"><div class=\"fusion-layout-column fusion_builder_column fusion-builder-column-0 fusion_builder_column_1_1 1_1 fusion-flex-column\" style=\"--awb-bg-size:cover;--awb-width-large:100%;--awb-margin-top-large:0px;--awb-spacing-right-large:1.92%;--awb-margin-bottom-large:20px;--awb-spacing-left-large:1.92%;--awb-width-medium:100%;--awb-order-medium:0;--awb-spacing-right-medium:1.92%;--awb-spacing-left-medium:1.92%;--awb-width-small:100%;--awb-order-small:0;--awb-spacing-right-small:1.92%;--awb-spacing-left-small:1.92%;\"><div class=\"fusion-column-wrapper fusion-column-has-shadow fusion-flex-justify-content-flex-start fusion-content-layout-column\"><div class=\"fusion-text fusion-text-1\"><p style=\"text-align: justify; \">Estimados compa\u00f1eros\/as<\/p>\n<p style=\"text-align: justify; \">La Ley 8\/2021, reforma la legislaci\u00f3n civil y procesal con la intenci\u00f3n de promover el apoyo a las personas con discapacidad en el ejercicio de su capacidad jur\u00eddica. Es un sistema que favorece la capacidad de toma de decisiones de las personas con discapacidad y su autonom\u00eda, para ello esta ley contempla la definici\u00f3n de un sistema de apoyos individualizado<\/p>\n<p style=\"text-align: justify; \">El Colegio, ha mantenido una reuni\u00f3n con la Fiscal delegada para protecci\u00f3n de las personas con discapacidad y personas mayores de las Baleares. Hemos escuchado vuestras consultas, dudas y propuestas, creando una Comisi\u00f3n T\u00e9cnica para trabajar este tema.<\/p>\n<p style=\"text-align: justify; \">La Comisi\u00f3n t\u00e9cnica \u201cLey 8\u201d del Colegio, ha realizado un modelo de informe de Trabajo Social unificado para todos\/as con el objetivo de unir criterios y facilitar nuestro trabajo en la valoraci\u00f3n que las personas con discapacidad precisen. Queremos dar visibilidad a nuestra profesi\u00f3n, ahora, m\u00e1s que nunca, nos piden y reclaman nuestras valoraciones profesionales desde el \u00e1mbito de Justicia.<\/p>\n<p style=\"text-align: justify; \">Desde la estructura colegial instamos al reconocimiento de la figura del trabajador\/a social como profesional de referencia en la aplicaci\u00f3n de esta Ley, y reconocer su papel fundamental en el proceso de la valoraci\u00f3n de apoyo, intervenci\u00f3n social, seguimiento y coordinaci\u00f3n. Es imprescindible que la profesi\u00f3n este presente, forme parte del proceso, y para ello se requiere de un refuerzo de las ratios profesionales, y as\u00ed ofrecer la atenci\u00f3n y el seguimiento social solicitado con la calidad y calidez que merece.<\/p>\n<p style=\"text-align: justify; \">Valoramos igualmente la necesidad de incorporar este perfil profesional en el sistema judicial, y que desde ese \u00e1mbito se puedan generar equipos interprofesionales que unan sinergias y v\u00ednculos de coordinaci\u00f3n con otros sistemas, como el de Servicios Sociales o de Salud, complementando as\u00ed la red de atenci\u00f3n necesaria desde todas las vertientes que las personas requieren a lo largo de su trayectoria vital.<\/p>\n<p style=\"text-align: justify; \">Queremos incidir que el informe no tiene validez pericial, como se indica en el mismo, no obstante, la Comisi\u00f3n del Formaci\u00f3n tiene programado un curso de formaci\u00f3n, previsto para el mes de enero sobre Dictamen Pericial Social dirigido a  las personas que est\u00e9n interesadas formarse e inscribirse en el listado que se elaborar\u00e1 y estar\u00e1 a disponible para qui\u00e9n lo solicite (abogados, jueces, particulares etc.).<\/p>\n<p style=\"text-align: justify; \">Seguiremos trabajando con y para vosotros\/as<\/p>\n<\/div><\/div><\/div><div class=\"fusion-layout-column fusion_builder_column fusion-builder-column-1 fusion_builder_column_1_2 1_2 fusion-flex-column\" style=\"--awb-bg-size:cover;--awb-width-large:50%;--awb-margin-top-large:0px;--awb-spacing-right-large:3.84%;--awb-margin-bottom-large:20px;--awb-spacing-left-large:3.84%;--awb-width-medium:50%;--awb-order-medium:0;--awb-spacing-right-medium:3.84%;--awb-spacing-left-medium:3.84%;--awb-width-small:100%;--awb-order-small:0;--awb-spacing-right-small:1.92%;--awb-spacing-left-small:1.92%;\"><div class=\"fusion-column-wrapper fusion-column-has-shadow fusion-flex-justify-content-flex-start fusion-content-layout-column\"><div class=\"fusion-image-element\" style=\"text-align:center;--awb-liftup-border-radius:0px;--awb-caption-title-font-family:var(--h2_typography-font-family);--awb-caption-title-font-weight:var(--h2_typography-font-weight);--awb-caption-title-font-style:var(--h2_typography-font-style);--awb-caption-title-size:var(--h2_typography-font-size);--awb-caption-title-transform:var(--h2_typography-text-transform);--awb-caption-title-line-height:var(--h2_typography-line-height);--awb-caption-title-letter-spacing:var(--h2_typography-letter-spacing);\"><div class=\"awb-image-frame awb-image-frame-1 imageframe-liftup\"><span class=\"fusion-imageframe imageframe-none imageframe-1\"><a class=\"fusion-no-lightbox\" href=\"http:\/\/tsocialib2.adasistemas.com\/wp-content\/uploads\/2026\/04\/INFORME-DE-TREBALL-SOCIAL-VALORACIO-LLEI-8-catala.pdf\" target=\"_blank\" aria-label=\"Informe-Social-emplenable-catala-1\" rel=\"noopener noreferrer\"><img decoding=\"async\" width=\"366\" height=\"140\" src=\"https:\/\/tsocialib2.adasistemas.com\/wp-content\/uploads\/2026\/04\/Informe-Social-emplenable-catala-1.png\" data-orig-src=\"https:\/\/tsocialib2.adasistemas.com\/wp-content\/uploads\/2026\/04\/Informe-Social-emplenable-catala-1.png\" alt class=\"lazyload img-responsive wp-image-2794\" srcset=\"data:image\/svg+xml,%3Csvg%20xmlns%3D%27http%3A%2F%2Fwww.w3.org%2F2000%2Fsvg%27%20width%3D%27366%27%20height%3D%27140%27%20viewBox%3D%270%200%20366%20140%27%3E%3Crect%20width%3D%27366%27%20height%3D%27140%27%20fill-opacity%3D%220%22%2F%3E%3C%2Fsvg%3E\" data-srcset=\"https:\/\/tsocialib2.adasistemas.com\/wp-content\/uploads\/2026\/04\/Informe-Social-emplenable-catala-1-200x77.png 200w, https:\/\/tsocialib2.adasistemas.com\/wp-content\/uploads\/2026\/04\/Informe-Social-emplenable-catala-1.png 366w\" data-sizes=\"auto\" data-orig-sizes=\"(max-width: 820px) 100vw, 366px\" \/><\/a><\/span><\/div><\/div><\/div><\/div><div class=\"fusion-layout-column fusion_builder_column fusion-builder-column-2 fusion_builder_column_1_2 1_2 fusion-flex-column\" style=\"--awb-bg-size:cover;--awb-width-large:50%;--awb-margin-top-large:0px;--awb-spacing-right-large:3.84%;--awb-margin-bottom-large:20px;--awb-spacing-left-large:3.84%;--awb-width-medium:50%;--awb-order-medium:0;--awb-spacing-right-medium:3.84%;--awb-spacing-left-medium:3.84%;--awb-width-small:100%;--awb-order-small:0;--awb-spacing-right-small:1.92%;--awb-spacing-left-small:1.92%;\"><div class=\"fusion-column-wrapper fusion-column-has-shadow fusion-flex-justify-content-flex-start fusion-content-layout-column\"><div class=\"fusion-image-element\" style=\"text-align:center;--awb-liftup-border-radius:0px;--awb-caption-title-font-family:var(--h2_typography-font-family);--awb-caption-title-font-weight:var(--h2_typography-font-weight);--awb-caption-title-font-style:var(--h2_typography-font-style);--awb-caption-title-size:var(--h2_typography-font-size);--awb-caption-title-transform:var(--h2_typography-text-transform);--awb-caption-title-line-height:var(--h2_typography-line-height);--awb-caption-title-letter-spacing:var(--h2_typography-letter-spacing);\"><div class=\"awb-image-frame awb-image-frame-2 imageframe-liftup\"><span class=\"fusion-imageframe imageframe-none imageframe-2\"><a class=\"fusion-no-lightbox\" href=\"http:\/\/tsocialib2.adasistemas.com\/wp-content\/uploads\/2026\/04\/INFORME-DE-TRABAJO-SOCIAL-VALORACION-LEY-8-CAST.pdf\" target=\"_blank\" aria-label=\"Informe-Social-emplenable-catala-1-1\" rel=\"noopener noreferrer\"><img decoding=\"async\" width=\"366\" height=\"140\" src=\"https:\/\/tsocialib2.adasistemas.com\/wp-content\/uploads\/2026\/04\/Informe-Social-emplenable-catala-1-1.png\" data-orig-src=\"https:\/\/tsocialib2.adasistemas.com\/wp-content\/uploads\/2026\/04\/Informe-Social-emplenable-catala-1-1.png\" alt class=\"lazyload img-responsive wp-image-2798\" srcset=\"data:image\/svg+xml,%3Csvg%20xmlns%3D%27http%3A%2F%2Fwww.w3.org%2F2000%2Fsvg%27%20width%3D%27366%27%20height%3D%27140%27%20viewBox%3D%270%200%20366%20140%27%3E%3Crect%20width%3D%27366%27%20height%3D%27140%27%20fill-opacity%3D%220%22%2F%3E%3C%2Fsvg%3E\" data-srcset=\"https:\/\/tsocialib2.adasistemas.com\/wp-content\/uploads\/2026\/04\/Informe-Social-emplenable-catala-1-1-200x77.png 200w, https:\/\/tsocialib2.adasistemas.com\/wp-content\/uploads\/2026\/04\/Informe-Social-emplenable-catala-1-1.png 366w\" data-sizes=\"auto\" data-orig-sizes=\"(max-width: 820px) 100vw, 366px\" \/><\/a><\/span><\/div><\/div><\/div><\/div><\/div><\/div>","protected":false},"excerpt":{"rendered":"","protected":false},"author":1,"featured_media":0,"parent":2713,"menu_order":0,"comment_status":"closed","ping_status":"closed","template":"100-width.php","meta":{"footnotes":""},"class_list":["post-2791","page","type-page","status-publish","hentry"],"_links":{"self":[{"href":"https:\/\/tsocialib2.adasistemas.com\/es\/wp-json\/wp\/v2\/pages\/2791","targetHints":{"allow":["GET"]}}],"collection":[{"href":"https:\/\/tsocialib2.adasistemas.com\/es\/wp-json\/wp\/v2\/pages"}],"about":[{"href":"https:\/\/tsocialib2.adasistemas.com\/es\/wp-json\/wp\/v2\/types\/page"}],"author":[{"embeddable":true,"href":"https:\/\/tsocialib2.adasistemas.com\/es\/wp-json\/wp\/v2\/users\/1"}],"replies":[{"embeddable":true,"href":"https:\/\/tsocialib2.adasistemas.com\/es\/wp-json\/wp\/v2\/comments?post=2791"}],"version-history":[{"count":5,"href":"https:\/\/tsocialib2.adasistemas.com\/es\/wp-json\/wp\/v2\/pages\/2791\/revisions"}],"predecessor-version":[{"id":2800,"href":"https:\/\/tsocialib2.adasistemas.com\/es\/wp-json\/wp\/v2\/pages\/2791\/revisions\/2800"}],"up":[{"embeddable":true,"href":"https:\/\/tsocialib2.adasistemas.com\/es\/wp-json\/wp\/v2\/pages\/2713"}],"wp:attachment":[{"href":"https:\/\/tsocialib2.adasistemas.com\/es\/wp-json\/wp\/v2\/media?parent=2791"}],"curies":[{"name":"wp","href":"https:\/\/api.w.org\/{rel}","templated":true}]}}