{"id":2645,"date":"2026-04-01T10:33:09","date_gmt":"2026-04-01T10:33:09","guid":{"rendered":"http:\/\/tsocialib2.adasistemas.com\/?page_id=2645"},"modified":"2026-04-01T10:33:55","modified_gmt":"2026-04-01T10:33:55","slug":"asseguranca-de-responsabilitat-civil","status":"publish","type":"page","link":"https:\/\/tsocialib2.adasistemas.com\/es\/area-collegial\/carta-de-serveis\/asseguranca-de-responsabilitat-civil\/","title":{"rendered":"Seguro de responsabilidad civil"},"content":{"rendered":"<div class=\"fusion-fullwidth fullwidth-box fusion-builder-row-1 fusion-flex-container has-pattern-background has-mask-background nonhundred-percent-fullwidth non-hundred-percent-height-scrolling\" style=\"--awb-border-radius-top-left:0px;--awb-border-radius-top-right:0px;--awb-border-radius-bottom-right:0px;--awb-border-radius-bottom-left:0px;--awb-flex-wrap:wrap;\" ><div class=\"fusion-builder-row fusion-row fusion-flex-align-items-flex-start fusion-flex-content-wrap\" style=\"max-width:1331.2px;margin-left: calc(-4% \/ 2 );margin-right: calc(-4% \/ 2 );\"><div class=\"fusion-layout-column fusion_builder_column fusion-builder-column-0 fusion_builder_column_1_1 1_1 fusion-flex-column\" style=\"--awb-bg-size:cover;--awb-width-large:100%;--awb-margin-top-large:0px;--awb-spacing-right-large:1.92%;--awb-margin-bottom-large:20px;--awb-spacing-left-large:1.92%;--awb-width-medium:100%;--awb-order-medium:0;--awb-spacing-right-medium:1.92%;--awb-spacing-left-medium:1.92%;--awb-width-small:100%;--awb-order-small:0;--awb-spacing-right-small:1.92%;--awb-spacing-left-small:1.92%;\"><div class=\"fusion-column-wrapper fusion-column-has-shadow fusion-flex-justify-content-flex-start fusion-content-layout-column\"><div class=\"fusion-text fusion-text-1\"><p style=\"text-align: justify; \">Existe la posibilidad, de contrataci\u00f3n de un Seguro de Responsabilidad Civil para los profesionales de Trabajo Social firmada con la compa\u00f1\u00eda MARKEL INTERNATIONAL INSURANCE COMPANY LIMITED, SUCURSAL EN ESPA\u00d1A a trav\u00e9s de la corredur\u00eda Broker\u00b4s.<\/p>\n<p style=\"text-align: justify; \">Para beneficiarse de estas condiciones se tiene que hacer el tr\u00e1mite a trav\u00e9s del Col\u00b7legi Oficial de Treball Social de les Illes Balears mediante la siguiente solicitud donde est\u00e1 detallada toda la informaci\u00f3n de las dos modalidades.<\/p>\n<p style=\"text-align: justify; \"><a href=\"https:\/\/docs.google.com\/document\/d\/0B9FpOt9ywHVYMjJsUnUyUlBPVGs\/edit?usp=sharing&amp;ouid=101434514645289532869&amp;resourcekey=0-yy4a1jsjnkc8Cm6BlrIaKA&amp;rtpof=true&amp;sd=true\" target=\"_blank\" rel=\"noopener noreferrer\">Formulario de Solicitud <\/a><\/p>\n<p style=\"text-align: justify; \"><a href=\"https:\/\/drive.google.com\/file\/d\/1WBv7P71m5_YfCPVvHgawgCEdIFYPXl8X\/view?usp=share_link\" target=\"_blank\" rel=\"noopener noreferrer\">Condiciones Particulares del Seguro de Responsabilidad Civil<\/a><\/p>\n<\/div><\/div><\/div><\/div><\/div>","protected":false},"excerpt":{"rendered":"","protected":false},"author":1,"featured_media":0,"parent":2626,"menu_order":0,"comment_status":"closed","ping_status":"closed","template":"100-width.php","meta":{"footnotes":""},"class_list":["post-2645","page","type-page","status-publish","hentry"],"_links":{"self":[{"href":"https:\/\/tsocialib2.adasistemas.com\/es\/wp-json\/wp\/v2\/pages\/2645","targetHints":{"allow":["GET"]}}],"collection":[{"href":"https:\/\/tsocialib2.adasistemas.com\/es\/wp-json\/wp\/v2\/pages"}],"about":[{"href":"https:\/\/tsocialib2.adasistemas.com\/es\/wp-json\/wp\/v2\/types\/page"}],"author":[{"embeddable":true,"href":"https:\/\/tsocialib2.adasistemas.com\/es\/wp-json\/wp\/v2\/users\/1"}],"replies":[{"embeddable":true,"href":"https:\/\/tsocialib2.adasistemas.com\/es\/wp-json\/wp\/v2\/comments?post=2645"}],"version-history":[{"count":3,"href":"https:\/\/tsocialib2.adasistemas.com\/es\/wp-json\/wp\/v2\/pages\/2645\/revisions"}],"predecessor-version":[{"id":2648,"href":"https:\/\/tsocialib2.adasistemas.com\/es\/wp-json\/wp\/v2\/pages\/2645\/revisions\/2648"}],"up":[{"embeddable":true,"href":"https:\/\/tsocialib2.adasistemas.com\/es\/wp-json\/wp\/v2\/pages\/2626"}],"wp:attachment":[{"href":"https:\/\/tsocialib2.adasistemas.com\/es\/wp-json\/wp\/v2\/media?parent=2645"}],"curies":[{"name":"wp","href":"https:\/\/api.w.org\/{rel}","templated":true}]}}