{"id":2626,"date":"2026-04-01T10:04:30","date_gmt":"2026-04-01T10:04:30","guid":{"rendered":"http:\/\/tsocialib2.adasistemas.com\/?page_id=2626"},"modified":"2026-04-01T10:10:58","modified_gmt":"2026-04-01T10:10:58","slug":"carta-de-serveis","status":"publish","type":"page","link":"https:\/\/tsocialib2.adasistemas.com\/es\/area-collegial\/carta-de-serveis\/","title":{"rendered":"Carta de Servicios"},"content":{"rendered":"<div class=\"fusion-fullwidth fullwidth-box fusion-builder-row-1 fusion-flex-container has-pattern-background has-mask-background nonhundred-percent-fullwidth non-hundred-percent-height-scrolling\" style=\"--awb-border-radius-top-left:0px;--awb-border-radius-top-right:0px;--awb-border-radius-bottom-right:0px;--awb-border-radius-bottom-left:0px;--awb-flex-wrap:wrap;\" ><div class=\"fusion-builder-row fusion-row fusion-flex-align-items-flex-start fusion-flex-content-wrap\" style=\"max-width:1331.2px;margin-left: calc(-4% \/ 2 );margin-right: calc(-4% \/ 2 );\"><div class=\"fusion-layout-column fusion_builder_column fusion-builder-column-0 fusion_builder_column_1_1 1_1 fusion-flex-column\" style=\"--awb-bg-size:cover;--awb-width-large:100%;--awb-margin-top-large:0px;--awb-spacing-right-large:1.92%;--awb-margin-bottom-large:20px;--awb-spacing-left-large:1.92%;--awb-width-medium:100%;--awb-order-medium:0;--awb-spacing-right-medium:1.92%;--awb-spacing-left-medium:1.92%;--awb-width-small:100%;--awb-order-small:0;--awb-spacing-right-small:1.92%;--awb-spacing-left-small:1.92%;\"><div class=\"fusion-column-wrapper fusion-column-has-shadow fusion-flex-justify-content-flex-start fusion-content-layout-column\"><div class=\"fusion-text fusion-text-1\"><p style=\"text-align: justify; \">El Col\u00b7legi Oficial de Treball Social de les Illes Balears ofrece la presente Carta de Servicios al conjunto de profesionales, instituciones y a la sociedad en general, facilitando el acceso a todas las personas interesadas.<\/p>\n<p style=\"text-align: justify; \">Consulta la Carta de Servicios. Record\u00e1ndote que para los apartados que son exclusivos para personas colegiadas necesitas un nombre de usuario y una clave. Si est\u00e1s colegiado o colegiada y todavia no te has registrado, hazlo <a href=\"https:\/\/tsocialib.e-gestion.es\/Account\/Entrar.aspx?ReturnUrl=%2fInicio.aspx\" target=\"_blank\" rel=\"noopener noreferrer\">aqu\u00ed<\/a><\/p>\n<\/div><\/div><\/div><div class=\"fusion-layout-column fusion_builder_column fusion-builder-column-1 fusion_builder_column_1_1 1_1 fusion-flex-column\" style=\"--awb-padding-left:40px;--awb-bg-repeat:repeat;--awb-border-color:var(--awb-color3);--awb-border-left:5px;--awb-border-style:solid;--awb-width-large:100%;--awb-margin-top-large:0px;--awb-spacing-right-large:1.92%;--awb-margin-bottom-large:20px;--awb-spacing-left-large:1.92%;--awb-width-medium:100%;--awb-order-medium:0;--awb-spacing-right-medium:1.92%;--awb-spacing-left-medium:1.92%;--awb-width-small:100%;--awb-order-small:0;--awb-spacing-right-small:1.92%;--awb-spacing-left-small:1.92%;\"><div class=\"fusion-column-wrapper lazyload fusion-column-has-shadow fusion-flex-justify-content-flex-start fusion-content-layout-column fusion-column-has-bg-image\" data-bg-url=\"http:\/\/tsocialib2.adasistemas.com\/wp-content\/uploads\/2022\/12\/bg-lines-3.png\" data-bg=\"http:\/\/tsocialib2.adasistemas.com\/wp-content\/uploads\/2022\/12\/bg-lines-3.png\"><div class=\"fusion-text fusion-text-2\"><ul>\n<li style=\"text-align: justify; \"><i>\u00c1reas de atenci\u00f3n a las personas colegiadas. Desde donde se ofrece una atenci\u00f3n integral de calidad a los colegiados a trav\u00e9s de los distintos servicios:<\/i><\/li>\n<ul>\n<li style=\"text-align: justify; \"><i>Bolsa de Trabajo<\/i><\/li>\n<ul>\n<li style=\"text-align: justify; \"><i>Acceso a ofertas<\/i><\/li>\n<li style=\"text-align: justify; \"><i>\u00bfBuscas un\/a trabajador\/a social? Env\u00edanos tu oferta.<\/i><\/li>\n<\/ul>\n<li style=\"text-align: justify; \"><span style=\"background-color: rgba(0, 0, 0, 0);\"><i>Seguro de Resposabilidad Civil<\/i><\/span><\/li>\n<li style=\"text-align: justify; \"><i>Asesor\u00eda jur\u00eddica, laboral y fiscal<\/i><\/li>\n<li style=\"text-align: justify; \"><i>Correo electr\u00f3nico corporativo<\/i><\/li>\n<li style=\"text-align: justify; \"><i>\u00c1rea Documental<\/i><\/li>\n<ul>\n<li style=\"text-align: justify; \"><i>Biblioteca<\/i><\/li>\n<li style=\"text-align: justify; \"><i>Publicaciones\/Fondo documental<\/i><\/li>\n<li style=\"text-align: justify; \"><i>Herramientas de Trabajo Social<\/i><\/li>\n<\/ul>\n<li style=\"text-align: justify; \"><span style=\"background-color: rgba(0, 0, 0, 0);\"><i>\u00c1rea de Formaci\u00f3n<\/i><\/span><\/li>\n<ul>\n<li style=\"text-align: justify; \"><i>Presencial<\/i><\/li>\n<li style=\"text-align: justify; \"><i>On Line<\/i><\/li>\n<li style=\"text-align: justify; \"><i>Externa<\/i><\/li>\n<li style=\"text-align: justify; \"><i>Informaci\u00f3n de Grado en Trabajo Social<\/i><\/li>\n<li style=\"text-align: justify; \"><i>Propuestas formadores<\/i><\/li>\n<li style=\"text-align: justify; \"><i>Propuestas formativas<\/i><\/li>\n<\/ul>\n<li style=\"text-align: justify; \"><span style=\"background-color: rgba(0, 0, 0, 0);\"><i>Zona Wi-fi<\/i><\/span><\/li>\n<li style=\"text-align: justify; \"><i>Servicio de Medicaci\u00f3n<\/i><\/li>\n<li style=\"text-align: justify; \"><i>Listado de Turno de Intervenci\u00f3n Profesional<\/i><\/li>\n<li style=\"text-align: justify; \"><i>Ts Emprenedors<\/i><\/li>\n<li style=\"text-align: justify; \"><i>Servicio de Atenci\u00f3n a la Ciudadan\u00eda<\/i><\/li>\n<\/ul>\n<\/ul>\n<\/div><\/div><\/div><\/div><\/div>","protected":false},"excerpt":{"rendered":"","protected":false},"author":1,"featured_media":0,"parent":2459,"menu_order":0,"comment_status":"closed","ping_status":"closed","template":"100-width.php","meta":{"footnotes":""},"class_list":["post-2626","page","type-page","status-publish","hentry"],"_links":{"self":[{"href":"https:\/\/tsocialib2.adasistemas.com\/es\/wp-json\/wp\/v2\/pages\/2626","targetHints":{"allow":["GET"]}}],"collection":[{"href":"https:\/\/tsocialib2.adasistemas.com\/es\/wp-json\/wp\/v2\/pages"}],"about":[{"href":"https:\/\/tsocialib2.adasistemas.com\/es\/wp-json\/wp\/v2\/types\/page"}],"author":[{"embeddable":true,"href":"https:\/\/tsocialib2.adasistemas.com\/es\/wp-json\/wp\/v2\/users\/1"}],"replies":[{"embeddable":true,"href":"https:\/\/tsocialib2.adasistemas.com\/es\/wp-json\/wp\/v2\/comments?post=2626"}],"version-history":[{"count":8,"href":"https:\/\/tsocialib2.adasistemas.com\/es\/wp-json\/wp\/v2\/pages\/2626\/revisions"}],"predecessor-version":[{"id":2634,"href":"https:\/\/tsocialib2.adasistemas.com\/es\/wp-json\/wp\/v2\/pages\/2626\/revisions\/2634"}],"up":[{"embeddable":true,"href":"https:\/\/tsocialib2.adasistemas.com\/es\/wp-json\/wp\/v2\/pages\/2459"}],"wp:attachment":[{"href":"https:\/\/tsocialib2.adasistemas.com\/es\/wp-json\/wp\/v2\/media?parent=2626"}],"curies":[{"name":"wp","href":"https:\/\/api.w.org\/{rel}","templated":true}]}}