{"id":2615,"date":"2026-04-01T09:44:04","date_gmt":"2026-04-01T09:44:04","guid":{"rendered":"http:\/\/tsocialib2.adasistemas.com\/?page_id=2615"},"modified":"2026-04-01T09:44:35","modified_gmt":"2026-04-01T09:44:35","slug":"necessitats-formatives","status":"publish","type":"page","link":"https:\/\/tsocialib2.adasistemas.com\/es\/area-collegial\/formacio\/necessitats-formatives\/","title":{"rendered":"Necesidades Formativas"},"content":{"rendered":"<div class=\"fusion-fullwidth fullwidth-box fusion-builder-row-1 fusion-flex-container has-pattern-background has-mask-background nonhundred-percent-fullwidth non-hundred-percent-height-scrolling\" style=\"--awb-border-radius-top-left:0px;--awb-border-radius-top-right:0px;--awb-border-radius-bottom-right:0px;--awb-border-radius-bottom-left:0px;--awb-flex-wrap:wrap;\" ><div class=\"fusion-builder-row fusion-row fusion-flex-align-items-flex-start fusion-flex-content-wrap\" style=\"max-width:1331.2px;margin-left: calc(-4% \/ 2 );margin-right: calc(-4% \/ 2 );\"><div class=\"fusion-layout-column fusion_builder_column fusion-builder-column-0 fusion_builder_column_1_1 1_1 fusion-flex-column\" style=\"--awb-bg-size:cover;--awb-width-large:100%;--awb-margin-top-large:0px;--awb-spacing-right-large:1.92%;--awb-margin-bottom-large:20px;--awb-spacing-left-large:1.92%;--awb-width-medium:100%;--awb-order-medium:0;--awb-spacing-right-medium:1.92%;--awb-spacing-left-medium:1.92%;--awb-width-small:100%;--awb-order-small:0;--awb-spacing-right-small:1.92%;--awb-spacing-left-small:1.92%;\"><div class=\"fusion-column-wrapper fusion-column-has-shadow fusion-flex-justify-content-flex-start fusion-content-layout-column\"><div class=\"fusion-text fusion-text-1\"><p>Env\u00eda tus sugerencias para recibir formaci\u00f3n, as\u00ed ayudas a planificarla de acuerdo a vuestros intereses y necesidades.<\/p>\n<\/div><iframe src=\"https:\/\/tsocialib.e-gestion.es\/Formulario\/F00002?WEB=SI\" id=\"iframesVU\" frameborder=\"0\" allowfullscreen><\/iframe>\n<script>\nconst ALTO_EXTRA = 20;\nwindow.addEventListener(\"message\", function (e) {\nif (e.origin.toString() === 'https:\/\/tsocialib.e-gestion.es'){\ndocument.getElementById('iframesVU').style.height = e.data + ALTO_EXTRA + 'px';\n}\n});\n<\/script><\/div><\/div><\/div><\/div>","protected":false},"excerpt":{"rendered":"","protected":false},"author":1,"featured_media":0,"parent":2605,"menu_order":0,"comment_status":"closed","ping_status":"closed","template":"100-width.php","meta":{"footnotes":""},"class_list":["post-2615","page","type-page","status-publish","hentry"],"_links":{"self":[{"href":"https:\/\/tsocialib2.adasistemas.com\/es\/wp-json\/wp\/v2\/pages\/2615","targetHints":{"allow":["GET"]}}],"collection":[{"href":"https:\/\/tsocialib2.adasistemas.com\/es\/wp-json\/wp\/v2\/pages"}],"about":[{"href":"https:\/\/tsocialib2.adasistemas.com\/es\/wp-json\/wp\/v2\/types\/page"}],"author":[{"embeddable":true,"href":"https:\/\/tsocialib2.adasistemas.com\/es\/wp-json\/wp\/v2\/users\/1"}],"replies":[{"embeddable":true,"href":"https:\/\/tsocialib2.adasistemas.com\/es\/wp-json\/wp\/v2\/comments?post=2615"}],"version-history":[{"count":2,"href":"https:\/\/tsocialib2.adasistemas.com\/es\/wp-json\/wp\/v2\/pages\/2615\/revisions"}],"predecessor-version":[{"id":2617,"href":"https:\/\/tsocialib2.adasistemas.com\/es\/wp-json\/wp\/v2\/pages\/2615\/revisions\/2617"}],"up":[{"embeddable":true,"href":"https:\/\/tsocialib2.adasistemas.com\/es\/wp-json\/wp\/v2\/pages\/2605"}],"wp:attachment":[{"href":"https:\/\/tsocialib2.adasistemas.com\/es\/wp-json\/wp\/v2\/media?parent=2615"}],"curies":[{"name":"wp","href":"https:\/\/api.w.org\/{rel}","templated":true}]}}