{"id":2401,"date":"2026-03-31T09:51:35","date_gmt":"2026-03-31T09:51:35","guid":{"rendered":"http:\/\/tsocialib2.adasistemas.com\/?page_id=2401"},"modified":"2026-03-31T10:06:59","modified_gmt":"2026-03-31T10:06:59","slug":"junta-de-govern","status":"publish","type":"page","link":"https:\/\/tsocialib2.adasistemas.com\/es\/el-colegio\/organs-de-govern\/junta-de-govern\/","title":{"rendered":"Junta de Gobierno"},"content":{"rendered":"<div class=\"fusion-fullwidth fullwidth-box fusion-builder-row-1 fusion-flex-container has-pattern-background has-mask-background hundred-percent-fullwidth non-hundred-percent-height-scrolling\" style=\"--awb-border-radius-top-left:0px;--awb-border-radius-top-right:0px;--awb-border-radius-bottom-right:0px;--awb-border-radius-bottom-left:0px;--awb-flex-wrap:wrap;\" ><div class=\"fusion-builder-row fusion-row fusion-flex-align-items-flex-start fusion-flex-content-wrap\" style=\"width:104% !important;max-width:104% !important;margin-left: calc(-4% \/ 2 );margin-right: calc(-4% \/ 2 );\"><div class=\"fusion-layout-column fusion_builder_column fusion-builder-column-0 fusion_builder_column_3_5 3_5 fusion-flex-column\" style=\"--awb-bg-size:cover;--awb-width-large:60%;--awb-margin-top-large:0px;--awb-spacing-right-large:3.2%;--awb-margin-bottom-large:20px;--awb-spacing-left-large:4.48%;--awb-width-medium:60%;--awb-order-medium:0;--awb-spacing-right-medium:3.2%;--awb-spacing-left-medium:4.48%;--awb-width-small:100%;--awb-order-small:0;--awb-spacing-right-small:1.92%;--awb-spacing-left-small:1.92%;\"><div class=\"fusion-column-wrapper fusion-column-has-shadow fusion-flex-justify-content-flex-start fusion-content-layout-column\"><div class=\"fusion-text fusion-text-1\"><p>La Junta de Gobierno, est\u00e1 integrada por diversos cargos con dedicaci\u00f3n voluntaria, que se ocupan de marcar los objetivos y l\u00edneas de actuaci\u00f3n del Colegio, apoy\u00e1ndose en el Plan anual de trabajo aprobado por la Asamblea, adem\u00e1s de evaluar su cumplimiento. Tambi\u00e9n asumen la funci\u00f3n de representar y administrar el Colegio. La Junta de Gobierno cuenta con el apoyo de las Comisiones de Trabajo.<\/p>\n<p><b>Corresponde a la Junta de Gobierno el ejercicio de las siguientes funciones<\/b>:<\/p>\n<ol>\n<li>Velar por el cumplimiento y correcta ejecuci\u00f3n de los acuerdos de la Asamblea General y promover las iniciativas que \u00e9sta le encomiende.<\/li>\n<li>Resolver las peticiones de incorporaci\u00f3n al Colegio y las bajas de colegiados<\/li>\n<li>Administrar los bienes del Colegio y disponer de los recursos e inversiones.<\/li>\n<li>Confeccionar, para su remisi\u00f3n a la Asamblea General: la memoria anual de actividades, la memoria econ\u00f3mica, presupuestos de cuentas, as\u00ed como los proyectos de reglamentos y normas de r\u00e9gimen interior y sus modificaciones, incluso el proyecto de reforma del Estatuto particular del Colegio.<\/li>\n<li>Ejercer la potestad disciplinaria sobre los colegiados<\/li>\n<li>Dirimir los conflictos que surjan entre los colegiados en el ejercicio de la profesi\u00f3n y ordenar los Turnos que se creen.<\/li>\n<li>Fijar la fecha de celebraci\u00f3n de la Asamblea General y su orden del d\u00eda, en la forma indicada en el art\u00edculo 36<\/li>\n<li>Informar a los  colegiados y resolver sus consultas, quejas y peticiones.<\/li>\n<li>Las de coordinaci\u00f3n con el Consejo General de Trabajo Social ejecutando los acuerdos correspondientes.<\/li>\n<li>Tomar todo tipo de acuerdos dirigidos al cumplimiento de los fines y funciones del Colegio siempre que no est\u00e9n atribuidos a la Asamblea General o a la Presidencia, y ordenar lo procedente para que sean ejecutados. En especial, acordar el ejercicio de acciones en nombre del Colegio.<\/li>\n<\/ol>\n<\/div><\/div><\/div><div class=\"fusion-layout-column fusion_builder_column fusion-builder-column-1 fusion_builder_column_2_5 2_5 fusion-flex-column\" style=\"--awb-padding-top:20px;--awb-padding-right:20px;--awb-padding-bottom:20px;--awb-padding-left:20px;--awb-bg-repeat:repeat;--awb-width-large:40%;--awb-margin-top-large:0px;--awb-spacing-right-large:4.8%;--awb-margin-bottom-large:20px;--awb-spacing-left-large:4.8%;--awb-width-medium:40%;--awb-order-medium:0;--awb-spacing-right-medium:4.8%;--awb-spacing-left-medium:4.8%;--awb-width-small:100%;--awb-order-small:0;--awb-spacing-right-small:1.92%;--awb-spacing-left-small:1.92%;\"><div class=\"fusion-column-wrapper lazyload fusion-column-has-shadow fusion-flex-justify-content-flex-start fusion-content-layout-column fusion-column-has-bg-image\" data-bg-url=\"http:\/\/tsocialib2.adasistemas.com\/wp-content\/uploads\/2022\/12\/bg-lines-3.png\" data-bg=\"http:\/\/tsocialib2.adasistemas.com\/wp-content\/uploads\/2022\/12\/bg-lines-3.png\"><div class=\"fusion-text fusion-text-2\"><p>La composici\u00f3n de la Junta de Gobierno del Cotsib es la siguiente:<\/p>\n<\/div>\n<div class=\"table-2\">\n<table width=\"100%\">\n<tbody>\n<tr>\n<td align=\"left\">Presidente<\/td>\n<td align=\"left\">JUAN MANUEL ROSA GONZ\u00c1LEZ<\/td>\n<\/tr>\n<tr>\n<td align=\"left\">Vicepresidenta<\/td>\n<td align=\"left\">ELSA HERRANZ SANZ<\/td>\n<\/tr>\n<tr>\n<td align=\"left\">Secretaria<\/td>\n<td align=\"left\">SOF\u00cdA JIM\u00c9NEZ POUPART<\/td>\n<\/tr>\n<tr>\n<td align=\"left\">Tesorera<\/td>\n<td align=\"left\">MARGARITA ROSER HERN\u00c1NDEZ<\/td>\n<\/tr>\n<tr>\n<td align=\"left\">Vocales<\/td>\n<td align=\"left\">\n<ol>\n<li>SANDRA VIVES JUSGEN<\/li>\n<li>MARINA BLASCO ESCANDELL<\/li>\n<li>MARTA BALCELLS MART\u00cd<\/li>\n<li>JULIA GARCIA AGUILERA<\/li>\n<li>NATALIA MONTEAGUDO PALMA<\/li>\n<li>MARIA PALOMA OJEA GARCIA<\/li>\n<li>INMACULADA FERR\u00c1 CHAC\u00d3N<\/li>\n<li>ANA MENDEZ NICLOS<\/li>\n<li>ELIONOR PONS MARTORELL<\/li>\n<li>MARGARITA SEGRETIN CARABALLO<\/li>\n<li>LAURA BOSCH TORRES<\/li>\n<\/ol>\n<\/td>\n<\/tr>\n<\/tbody>\n<\/table>\n<\/div>\n<\/div><\/div><\/div><\/div>","protected":false},"excerpt":{"rendered":"","protected":false},"author":1,"featured_media":0,"parent":2392,"menu_order":0,"comment_status":"closed","ping_status":"closed","template":"100-width.php","meta":{"footnotes":""},"class_list":["post-2401","page","type-page","status-publish","hentry"],"_links":{"self":[{"href":"https:\/\/tsocialib2.adasistemas.com\/es\/wp-json\/wp\/v2\/pages\/2401","targetHints":{"allow":["GET"]}}],"collection":[{"href":"https:\/\/tsocialib2.adasistemas.com\/es\/wp-json\/wp\/v2\/pages"}],"about":[{"href":"https:\/\/tsocialib2.adasistemas.com\/es\/wp-json\/wp\/v2\/types\/page"}],"author":[{"embeddable":true,"href":"https:\/\/tsocialib2.adasistemas.com\/es\/wp-json\/wp\/v2\/users\/1"}],"replies":[{"embeddable":true,"href":"https:\/\/tsocialib2.adasistemas.com\/es\/wp-json\/wp\/v2\/comments?post=2401"}],"version-history":[{"count":10,"href":"https:\/\/tsocialib2.adasistemas.com\/es\/wp-json\/wp\/v2\/pages\/2401\/revisions"}],"predecessor-version":[{"id":2421,"href":"https:\/\/tsocialib2.adasistemas.com\/es\/wp-json\/wp\/v2\/pages\/2401\/revisions\/2421"}],"up":[{"embeddable":true,"href":"https:\/\/tsocialib2.adasistemas.com\/es\/wp-json\/wp\/v2\/pages\/2392"}],"wp:attachment":[{"href":"https:\/\/tsocialib2.adasistemas.com\/es\/wp-json\/wp\/v2\/media?parent=2401"}],"curies":[{"name":"wp","href":"https:\/\/api.w.org\/{rel}","templated":true}]}}