{"id":2386,"date":"2026-03-31T09:41:44","date_gmt":"2026-03-31T09:41:44","guid":{"rendered":"http:\/\/tsocialib2.adasistemas.com\/?page_id=2386"},"modified":"2026-03-31T09:43:36","modified_gmt":"2026-03-31T09:43:36","slug":"funcions-del-collegi-oficial-de-treball-social-de-les-illes-balears","status":"publish","type":"page","link":"https:\/\/tsocialib2.adasistemas.com\/es\/el-colegio\/que-es-un-collegi-professional\/funcions-del-collegi-oficial-de-treball-social-de-les-illes-balears\/","title":{"rendered":"Funciones del Col\u00b7legi Oficial de Treball Social de les Illes Balears"},"content":{"rendered":"<div class=\"fusion-fullwidth fullwidth-box fusion-builder-row-1 fusion-flex-container has-pattern-background has-mask-background nonhundred-percent-fullwidth non-hundred-percent-height-scrolling\" style=\"--awb-border-radius-top-left:0px;--awb-border-radius-top-right:0px;--awb-border-radius-bottom-right:0px;--awb-border-radius-bottom-left:0px;--awb-flex-wrap:wrap;\" ><div class=\"fusion-builder-row fusion-row fusion-flex-align-items-flex-start fusion-flex-content-wrap\" style=\"max-width:1331.2px;margin-left: calc(-4% \/ 2 );margin-right: calc(-4% \/ 2 );\"><div class=\"fusion-layout-column fusion_builder_column fusion-builder-column-0 fusion_builder_column_1_1 1_1 fusion-flex-column\" style=\"--awb-bg-size:cover;--awb-width-large:100%;--awb-margin-top-large:0px;--awb-spacing-right-large:1.92%;--awb-margin-bottom-large:20px;--awb-spacing-left-large:1.92%;--awb-width-medium:100%;--awb-order-medium:0;--awb-spacing-right-medium:1.92%;--awb-spacing-left-medium:1.92%;--awb-width-small:100%;--awb-order-small:0;--awb-spacing-right-small:1.92%;--awb-spacing-left-small:1.92%;\"><div class=\"fusion-column-wrapper fusion-column-has-shadow fusion-flex-justify-content-flex-start fusion-content-layout-column\"><div class=\"fusion-text fusion-text-1\"><p style=\"text-align: justify; \">En su \u00e1mbito de actuaci\u00f3n, corresponde al Colegio el ejercicio de las siguientes funciones:<\/p>\n<ol>\n<li style=\"text-align: justify; \">Ostentar, en su \u00e1mbito, la representaci\u00f3n y defensa de la profesi\u00f3n en los t\u00e9rminos que establezcan las leyes para el cumplimiento de sus fines, ante las Administraciones, Instituciones, Tribunales, Entidades y particulares, incluyendo la legitimaci\u00f3n para ser parte en cuantos litigios afecten a los intereses profesionales, pudiendo ejercitar las acciones legales que resulten procedentes, con la posibilidad de ejercer el derecho de petici\u00f3n, de conformidad con la Ley, as\u00ed como impulsar todas las reformas legislativas que considere convenientes en defensa de la profesi\u00f3n y de los colegiados.<\/li>\n<li style=\"text-align: justify; \">Cuantas funciones redunden en beneficio de la protecci\u00f3n de los intereses de los ciudadanos, los consumidores y usuarios de los servicios de sus colegiados.<\/li>\n<li style=\"text-align: justify; \">Desarrollar aqu\u00e9llas que le encomienden las Administraciones P\u00fablicas, colaborando con ellas en la forma m\u00e1s amplia posible, as\u00ed como informar sobre proyectos normativos que se refieran a las condiciones de acceso y ejercicio de la profesi\u00f3n que sean de aplicaci\u00f3n en su \u00e1mbito territorial.<\/li>\n<li style=\"text-align: justify; \">Participar en los Consejos y Organismos consultivos de las Administraciones P\u00fablicas de su correspondiente \u00e1mbito territorial, en materia de competencia de la profesi\u00f3n, cuando esta participaci\u00f3n sea preceptiva o lo requiera la Administraci\u00f3n P\u00fablica correspondiente.<\/li>\n<li style=\"text-align: justify; \">Promover la dignificaci\u00f3n social y econ\u00f3mica de los colegiados, procurando su formaci\u00f3n permanente e integral a trav\u00e9s de cursos y de otras actividades formativas.<\/li>\n<li style=\"text-align: justify; \">Dar apoyo al profesional colegiado en las actividades que \u00e9ste emprenda para promover la acci\u00f3n asociada de individuos, grupos y comunidades afectados por una problem\u00e1tica social al objeto de lograr su participaci\u00f3n activa para transformar su situaci\u00f3n.<\/li>\n<li style=\"text-align: justify; \">Facilitar a los Tribunales con jurisdicci\u00f3n en esta provincia, conforme a las leyes, la relaci\u00f3n de los colegiados que pudieran ser requeridos para intervenir como peritos en asuntos judiciales o designarlos por s\u00ed mismo, seg\u00fan proceda.<\/li>\n<li style=\"text-align: justify; \">Regular y ordenar la actividad profesional de los colegiados en el \u00e1mbito de sus competencias, velando por la \u00e9tica y dignidad profesional y por el debido respeto a los derechos de los particulares.<\/li>\n<li style=\"text-align: justify; \">Ejercer en el orden profesional y colegial la potestad disciplinaria sobre los colegiados en los t\u00e9rminos previstos en la Ley y en nuestros estatutos.<\/li>\n<li style=\"text-align: justify; \">Tomar las medidas necesarias para evitar y perseguir el intrusismo profesional, la competencia desleal y la ilegalidad en el ejercicio de la profesi\u00f3n, ejercitando al respecto las acciones legales pertinentes, todo ello de conformidad con lo que disponga la normativa vigente.<\/li>\n<li style=\"text-align: justify; \">Organizar actividades y servicios comunes de car\u00e1cter cultural, profesional, formativo, asistencial y de previsi\u00f3n o an\u00e1logos, de inter\u00e9s para los colegiados, ya sea directamente, ya sea por medio de acuerdos o convenios con entidades e instituciones, contribuyendo a su sostenimiento econ\u00f3mico mediante los recursos necesarios.<\/li>\n<li style=\"text-align: justify; \">Procurar la armon\u00eda y colaboraci\u00f3n entre los colegiados de Baleares y de otras corporaciones, adoptando las medidas necesarias para evitar la competencia desleal, de acuerdo con su Ley reguladora.<\/li>\n<li style=\"text-align: justify; \">Intervenir como mediador y en procedimientos de arbitraje en los asuntos que se susciten entre los colegiados, entre los colegiados y los ciudadanos, y entre \u00e9stos cuando lo decidan libremente, todo ello de acuerdo con la normativa vigente en materia de mediaci\u00f3n y arbitraje.<\/li>\n<li style=\"text-align: justify; \">Aprobar anualmente sus presupuestos, fijando las obligadas aportaciones econ\u00f3micas de los colegiados.<\/li>\n<li style=\"text-align: justify; \">Designar a sus representantes en los \u00f3rganos corporativos estatales y andaluces en la forma prevista en sus Estatutos.<\/li>\n<li style=\"text-align: justify; \">Elaborar y aprobar su Estatuto particular, as\u00ed como sus modificaciones; redactar y aprobar los reglamentos de r\u00e9gimen interior y adoptar acuerdos para el desarrollo de sus competencias.<\/li>\n<li style=\"text-align: justify; \">Llevar un registro de todos los colegiados, en el que conste, al menos, testimonio del t\u00edtulo acad\u00e9mico oficial, la fecha de alta en el Colegio, el domicilio profesional, la firma actualizada y cuantas circunstancias afecten a su habilitaci\u00f3n para el ejercicio profesional, sin perjuicio de lo que al respecto regula la Ley de Protecci\u00f3n de Datos.<\/li>\n<li style=\"text-align: justify; \">Llevar el Registro de Sociedades Profesionales, conforme a lo dispuesto en la Ley 2\/2007 de 15 de marzo de Sociedades Profesionales.<\/li>\n<li style=\"text-align: justify; \">Cumplir y hacer cumplir a los colegiados las Leyes, el Estatuto particular del Colegio y los reglamentos de r\u00e9gimen interior, as\u00ed como los acuerdos adoptados por los \u00f3rganos colegiales en las materias de su competencia.<\/li>\n<li style=\"text-align: justify; \">Adoptar las medidas necesarias para garantizar que los colegiados cumplan con la obligaci\u00f3n que tienen de suscribir un seguro que cubra los riesgos por responsabilidad civil en que pudieran incurrir como consecuencia del ejercicio de la profesi\u00f3n.<\/li>\n<li style=\"text-align: justify; \">Ejercer cuantas funciones puedan redundar en beneficio de los colegiados y de la profesi\u00f3n en general y cualesquiera le encomienden las disposiciones legales.<\/li>\n<li style=\"text-align: justify; \">Velar porque la conducta de los colegiados en materia de comunicaciones comerciales sea ajustada a lo dispuesto en la Ley.<\/li>\n<li style=\"text-align: justify; \">Elaborar un c\u00f3digo deontol\u00f3gico de la profesi\u00f3n en el \u00e1mbito de sus competencias, de conformidad con las leyes vigentes.<\/li>\n<li style=\"text-align: justify; \">Atender las solicitudes de informaci\u00f3n sobre sus colegiados y sobre las sanciones firmes a ellos impuestas, as\u00ed como las peticiones de inspecci\u00f3n o investigaci\u00f3n que les formule cualquier autoridad competente de un Estado miembro de la Uni\u00f3n Europea en los t\u00e9rminos previstos en la Ley 17\/2009, de 23 de noviembre, en particular en lo que se refiere a que las solicitudes de informaci\u00f3n y de realizaci\u00f3n de controles, inspecciones e investigaciones est\u00e9n debidamente motivadas y que la informaci\u00f3n obtenida se emplee \u00fanicamente para la finalidad para la que se solicit\u00f3.<\/li>\n<\/ol>\n<\/div><\/div><\/div><\/div><\/div>","protected":false},"excerpt":{"rendered":"","protected":false},"author":1,"featured_media":0,"parent":2367,"menu_order":0,"comment_status":"closed","ping_status":"closed","template":"100-width.php","meta":{"footnotes":""},"class_list":["post-2386","page","type-page","status-publish","hentry"],"_links":{"self":[{"href":"https:\/\/tsocialib2.adasistemas.com\/es\/wp-json\/wp\/v2\/pages\/2386","targetHints":{"allow":["GET"]}}],"collection":[{"href":"https:\/\/tsocialib2.adasistemas.com\/es\/wp-json\/wp\/v2\/pages"}],"about":[{"href":"https:\/\/tsocialib2.adasistemas.com\/es\/wp-json\/wp\/v2\/types\/page"}],"author":[{"embeddable":true,"href":"https:\/\/tsocialib2.adasistemas.com\/es\/wp-json\/wp\/v2\/users\/1"}],"replies":[{"embeddable":true,"href":"https:\/\/tsocialib2.adasistemas.com\/es\/wp-json\/wp\/v2\/comments?post=2386"}],"version-history":[{"count":3,"href":"https:\/\/tsocialib2.adasistemas.com\/es\/wp-json\/wp\/v2\/pages\/2386\/revisions"}],"predecessor-version":[{"id":2389,"href":"https:\/\/tsocialib2.adasistemas.com\/es\/wp-json\/wp\/v2\/pages\/2386\/revisions\/2389"}],"up":[{"embeddable":true,"href":"https:\/\/tsocialib2.adasistemas.com\/es\/wp-json\/wp\/v2\/pages\/2367"}],"wp:attachment":[{"href":"https:\/\/tsocialib2.adasistemas.com\/es\/wp-json\/wp\/v2\/media?parent=2386"}],"curies":[{"name":"wp","href":"https:\/\/api.w.org\/{rel}","templated":true}]}}