{"id":2380,"date":"2026-03-31T09:36:18","date_gmt":"2026-03-31T09:36:18","guid":{"rendered":"http:\/\/tsocialib2.adasistemas.com\/?page_id=2380"},"modified":"2026-03-31T09:37:45","modified_gmt":"2026-03-31T09:37:45","slug":"finalidades-del-collegi-oficial-de-treball-social-de-les-illes-balears","status":"publish","type":"page","link":"https:\/\/tsocialib2.adasistemas.com\/es\/el-colegio\/que-es-un-collegi-professional\/finalidades-del-collegi-oficial-de-treball-social-de-les-illes-balears\/","title":{"rendered":"Finalidades del Col\u00b7legi Oficial de Treball Social de les Illes Balears"},"content":{"rendered":"<div class=\"fusion-fullwidth fullwidth-box fusion-builder-row-1 fusion-flex-container has-pattern-background has-mask-background nonhundred-percent-fullwidth non-hundred-percent-height-scrolling\" style=\"--awb-border-radius-top-left:0px;--awb-border-radius-top-right:0px;--awb-border-radius-bottom-right:0px;--awb-border-radius-bottom-left:0px;--awb-flex-wrap:wrap;\" ><div class=\"fusion-builder-row fusion-row fusion-flex-align-items-flex-start fusion-flex-content-wrap\" style=\"max-width:1331.2px;margin-left: calc(-4% \/ 2 );margin-right: calc(-4% \/ 2 );\"><div class=\"fusion-layout-column fusion_builder_column fusion-builder-column-0 fusion_builder_column_1_1 1_1 fusion-flex-column\" style=\"--awb-bg-size:cover;--awb-width-large:100%;--awb-margin-top-large:0px;--awb-spacing-right-large:1.92%;--awb-margin-bottom-large:20px;--awb-spacing-left-large:1.92%;--awb-width-medium:100%;--awb-order-medium:0;--awb-spacing-right-medium:1.92%;--awb-spacing-left-medium:1.92%;--awb-width-small:100%;--awb-order-small:0;--awb-spacing-right-small:1.92%;--awb-spacing-left-small:1.92%;\"><div class=\"fusion-column-wrapper fusion-column-has-shadow fusion-flex-justify-content-flex-start fusion-content-layout-column\"><div class=\"fusion-text fusion-text-1\"><p>El Col\u00b7legi Oficial de Treball Social de les Illes Balears es una corporaci\u00f3n de derecho p\u00fablico, con personalidad jur\u00eddica y capacidad para cumplir con sus finalidades y ejercer sus funciones.<\/p>\n<p>Sus finalidades son, entre otras:<\/p>\n<ul>\n<li>Prestar un servicio a la sociedad mediante su presencia y su voz en las cuestiones y problemas sociales, posicion\u00e1ndose como entidad c\u00edvica, en la vida ciudadana defendiendo los derechos constitucionales.<\/li>\n<li>Contribuir en el asesoramiento ciudadano en los temas relacionados con la promoci\u00f3n y defensa del bienestar social.<\/li>\n<li>Fomentar las relaciones profesionales entre las mismas personas colegiadas y con otros profesionales.<\/li>\n<li>Ordenar y, dentro del marco legal, vigilar el ejercicio de la profesi\u00f3n.<\/li>\n<li>Representar los intereses generales de la profesi\u00f3n.<\/li>\n<li>Velar para que la actividad profesional se adecue a las necesidades e intereses de los ciudadanos y al cumplimiento de las funciones generales de la profesi\u00f3n como son:\n<ul>\n<li>Atender directamente a las personas y grupos sobre demandas en relaci\u00f3n a las necesidades sociales y servicios existentes; orientar y asesorar sobre derechos y recursos sociales.<\/li>\n<li>Investigar sobre la problem\u00e1tica social.<\/li>\n<li>Participar en la planificaci\u00f3n para crear y promover nuevos recursos sociales y mejorar los ya existentes en aquellas acciones destinadas a conseguir el bienestar social de la poblaci\u00f3n.<\/li>\n<\/ul>\n<\/li>\n<\/ul>\n<\/div><\/div><\/div><\/div><\/div>","protected":false},"excerpt":{"rendered":"","protected":false},"author":1,"featured_media":0,"parent":2367,"menu_order":0,"comment_status":"closed","ping_status":"closed","template":"100-width.php","meta":{"footnotes":""},"class_list":["post-2380","page","type-page","status-publish","hentry"],"_links":{"self":[{"href":"https:\/\/tsocialib2.adasistemas.com\/es\/wp-json\/wp\/v2\/pages\/2380","targetHints":{"allow":["GET"]}}],"collection":[{"href":"https:\/\/tsocialib2.adasistemas.com\/es\/wp-json\/wp\/v2\/pages"}],"about":[{"href":"https:\/\/tsocialib2.adasistemas.com\/es\/wp-json\/wp\/v2\/types\/page"}],"author":[{"embeddable":true,"href":"https:\/\/tsocialib2.adasistemas.com\/es\/wp-json\/wp\/v2\/users\/1"}],"replies":[{"embeddable":true,"href":"https:\/\/tsocialib2.adasistemas.com\/es\/wp-json\/wp\/v2\/comments?post=2380"}],"version-history":[{"count":3,"href":"https:\/\/tsocialib2.adasistemas.com\/es\/wp-json\/wp\/v2\/pages\/2380\/revisions"}],"predecessor-version":[{"id":2383,"href":"https:\/\/tsocialib2.adasistemas.com\/es\/wp-json\/wp\/v2\/pages\/2380\/revisions\/2383"}],"up":[{"embeddable":true,"href":"https:\/\/tsocialib2.adasistemas.com\/es\/wp-json\/wp\/v2\/pages\/2367"}],"wp:attachment":[{"href":"https:\/\/tsocialib2.adasistemas.com\/es\/wp-json\/wp\/v2\/media?parent=2380"}],"curies":[{"name":"wp","href":"https:\/\/api.w.org\/{rel}","templated":true}]}}